{"id":10,"date":"2023-10-09T15:05:11","date_gmt":"2023-10-09T15:05:11","guid":{"rendered":"https:\/\/www.valenciablue.com\/home\/"},"modified":"2025-12-22T11:43:55","modified_gmt":"2025-12-22T11:43:55","slug":"home","status":"publish","type":"page","link":"https:\/\/www.valenciablue.com\/es\/","title":{"rendered":"Hogar"},"content":{"rendered":"<div class=\"wp-block-group alignfull is-layout-flow wp-container-core-group-is-layout-65021c9f wp-block-group-is-layout-flow\" style=\"padding-bottom:0px\">\n<div class=\"wp-block-group alignfull is-layout-constrained wp-container-core-group-is-layout-e5190590 wp-block-group-is-layout-constrained\">\n<div class=\"wp-block-columns alignwide is-layout-flex wp-container-core-columns-is-layout-28f84493 wp-block-columns-is-layout-flex\">\n<div class=\"wp-block-column is-layout-flow wp-block-column-is-layout-flow\" style=\"padding-right:80px\">\n<h2 class=\"wp-block-heading\" style=\"font-size:47px;font-style:normal;font-weight:200;letter-spacing:6px;line-height:1.3;text-transform:uppercase\">La vida dentro y alrededor de la comunidad<\/h2>\n<\/div>\n\n\n\n<div class=\"wp-block-column is-layout-flow wp-block-column-is-layout-flow\" style=\"flex-basis:400px\">\n<p style=\"font-style:normal;font-weight:300\">Con casi 300 d\u00edas de sol al a\u00f1o, los residentes de la Comunidad Valenciana tienen amplias oportunidades de ver cielos azules.<\/p>\n<\/div>\n<\/div>\n<\/div>\n\n\n\n<div class=\"wp-block-cover has-parallax\"><div class=\"wp-block-cover__image-background wp-image-140 has-parallax\" style=\"background-position:50% 50%;background-image:url(https:\/\/mlr04w2evrow.i.optimole.com\/cb:O59K.20376\/w:auto\/h:auto\/q:mauto\/f:best\/id:0d95f8b67cb3fe8e89f49b9d929c1ed4\/https:\/\/www.valenciablue.com\/downtown-homepage-scaled-1.jpg)\"><\/div><span aria-hidden=\"true\" class=\"wp-block-cover__background has-background-dim-0 has-background-dim\"><\/span><div class=\"wp-block-cover__inner-container is-layout-constrained wp-block-cover-is-layout-constrained\">\n<p class=\"has-text-align-center has-large-font-size\"><\/p>\n<\/div><\/div>\n<\/div>\n\n\n\n<div class=\"wp-block-group alignfull is-layout-constrained wp-container-core-group-is-layout-67ddcac4 wp-block-group-is-layout-constrained\" style=\"margin-top:0px;margin-bottom:0px;padding-top:100px;padding-bottom:120px\">\n<h4 class=\"wp-block-heading\" style=\"font-size:36px;font-style:normal;font-weight:200;letter-spacing:-1px;line-height:1.5\">\u00bfVal\u00e8ncia o Valencia? <a href=\"https:\/\/valenciareport.com\/2023\/05\/12\/row-over-madrids-missing-accent-in-valencia\/\" target=\"_blank\" rel=\"noreferrer noopener\" title=\"Disputa por la falta del acento madrile\u00f1o en Val\u00e8ncia\">quien lo esta escribiendo<\/a>. <\/h4>\n\n\n\n<ul class=\"wp-block-social-links is-content-justification-center is-layout-flex wp-container-core-social-links-is-layout-a89b3969 wp-block-social-links-is-layout-flex\"><li class=\"wp-social-link wp-social-link-x  wp-block-social-link\"><a rel=\"noopener nofollow\" target=\"_blank\" href=\"https:\/\/twitter.com\/vlcblue\" class=\"wp-block-social-link-anchor\"><svg width=\"24\" height=\"24\" viewbox=\"0 0 24 24\" version=\"1.1\" xmlns=\"http:\/\/www.w3.org\/2000\/svg\" aria-hidden=\"true\" focusable=\"false\"><path d=\"M13.982 10.622 20.54 3h-1.554l-5.693 6.618L8.745 3H3.5l6.876 10.007L3.5 21h1.554l6.012-6.989L15.868 21h5.245l-7.131-10.378Zm-2.128 2.474-.697-.997-5.543-7.93H8l4.474 6.4.697.996 5.815 8.318h-2.387l-4.745-6.787Z\" \/><\/svg><span class=\"wp-block-social-link-label screen-reader-text\">X<\/span><\/a><\/li>\n\n<li class=\"wp-social-link wp-social-link-facebook  wp-block-social-link\"><a rel=\"noopener nofollow\" target=\"_blank\" href=\"https:\/\/www.facebook.com\/VLCblue\/\" class=\"wp-block-social-link-anchor\"><svg width=\"24\" height=\"24\" viewbox=\"0 0 24 24\" version=\"1.1\" xmlns=\"http:\/\/www.w3.org\/2000\/svg\" aria-hidden=\"true\" focusable=\"false\"><path d=\"M12 2C6.5 2 2 6.5 2 12c0 5 3.7 9.1 8.4 9.9v-7H7.9V12h2.5V9.8c0-2.5 1.5-3.9 3.8-3.9 1.1 0 2.2.2 2.2.2v2.5h-1.3c-1.2 0-1.6.8-1.6 1.6V12h2.8l-.4 2.9h-2.3v7C18.3 21.1 22 17 22 12c0-5.5-4.5-10-10-10z\"><\/path><\/svg><span class=\"wp-block-social-link-label screen-reader-text\">Facebook<\/span><\/a><\/li>\n\n<li class=\"wp-social-link wp-social-link-instagram  wp-block-social-link\"><a rel=\"noopener nofollow\" target=\"_blank\" href=\"https:\/\/www.instagram.com\/valencianblue\" class=\"wp-block-social-link-anchor\"><svg width=\"24\" height=\"24\" viewbox=\"0 0 24 24\" version=\"1.1\" xmlns=\"http:\/\/www.w3.org\/2000\/svg\" aria-hidden=\"true\" focusable=\"false\"><path d=\"M12,4.622c2.403,0,2.688,0.009,3.637,0.052c0.877,0.04,1.354,0.187,1.671,0.31c0.42,0.163,0.72,0.358,1.035,0.673 c0.315,0.315,0.51,0.615,0.673,1.035c0.123,0.317,0.27,0.794,0.31,1.671c0.043,0.949,0.052,1.234,0.052,3.637 s-0.009,2.688-0.052,3.637c-0.04,0.877-0.187,1.354-0.31,1.671c-0.163,0.42-0.358,0.72-0.673,1.035 c-0.315,0.315-0.615,0.51-1.035,0.673c-0.317,0.123-0.794,0.27-1.671,0.31c-0.949,0.043-1.233,0.052-3.637,0.052 s-2.688-0.009-3.637-0.052c-0.877-0.04-1.354-0.187-1.671-0.31c-0.42-0.163-0.72-0.358-1.035-0.673 c-0.315-0.315-0.51-0.615-0.673-1.035c-0.123-0.317-0.27-0.794-0.31-1.671C4.631,14.688,4.622,14.403,4.622,12 s0.009-2.688,0.052-3.637c0.04-0.877,0.187-1.354,0.31-1.671c0.163-0.42,0.358-0.72,0.673-1.035 c0.315-0.315,0.615-0.51,1.035-0.673c0.317-0.123,0.794-0.27,1.671-0.31C9.312,4.631,9.597,4.622,12,4.622 M12,3 C9.556,3,9.249,3.01,8.289,3.054C7.331,3.098,6.677,3.25,6.105,3.472C5.513,3.702,5.011,4.01,4.511,4.511 c-0.5,0.5-0.808,1.002-1.038,1.594C3.25,6.677,3.098,7.331,3.054,8.289C3.01,9.249,3,9.556,3,12c0,2.444,0.01,2.751,0.054,3.711 c0.044,0.958,0.196,1.612,0.418,2.185c0.23,0.592,0.538,1.094,1.038,1.594c0.5,0.5,1.002,0.808,1.594,1.038 c0.572,0.222,1.227,0.375,2.185,0.418C9.249,20.99,9.556,21,12,21s2.751-0.01,3.711-0.054c0.958-0.044,1.612-0.196,2.185-0.418 c0.592-0.23,1.094-0.538,1.594-1.038c0.5-0.5,0.808-1.002,1.038-1.594c0.222-0.572,0.375-1.227,0.418-2.185 C20.99,14.751,21,14.444,21,12s-0.01-2.751-0.054-3.711c-0.044-0.958-0.196-1.612-0.418-2.185c-0.23-0.592-0.538-1.094-1.038-1.594 c-0.5-0.5-1.002-0.808-1.594-1.038c-0.572-0.222-1.227-0.375-2.185-0.418C14.751,3.01,14.444,3,12,3L12,3z M12,7.378 c-2.552,0-4.622,2.069-4.622,4.622S9.448,16.622,12,16.622s4.622-2.069,4.622-4.622S14.552,7.378,12,7.378z M12,15 c-1.657,0-3-1.343-3-3s1.343-3,3-3s3,1.343,3,3S13.657,15,12,15z M16.804,6.116c-0.596,0-1.08,0.484-1.08,1.08 s0.484,1.08,1.08,1.08c0.596,0,1.08-0.484,1.08-1.08S17.401,6.116,16.804,6.116z\"><\/path><\/svg><span class=\"wp-block-social-link-label screen-reader-text\">Instagram<\/span><\/a><\/li>\n\n<li class=\"wp-social-link wp-social-link-threads  wp-block-social-link\"><a rel=\"noopener nofollow\" target=\"_blank\" href=\"https:\/\/www.threads.net\/@valencianblue\" class=\"wp-block-social-link-anchor\"><svg width=\"24\" height=\"24\" viewbox=\"0 0 24 24\" version=\"1.1\" xmlns=\"http:\/\/www.w3.org\/2000\/svg\" aria-hidden=\"true\" focusable=\"false\"><path d=\"M16.3 11.3c-.1 0-.2-.1-.2-.1-.1-2.6-1.5-4-3.9-4-1.4 0-2.6.6-3.3 1.7l1.3.9c.5-.8 1.4-1 2-1 .8 0 1.4.2 1.7.7.3.3.5.8.5 1.3-.7-.1-1.4-.2-2.2-.1-2.2.1-3.7 1.4-3.6 3.2 0 .9.5 1.7 1.3 2.2.7.4 1.5.6 2.4.6 1.2-.1 2.1-.5 2.7-1.3.5-.6.8-1.4.9-2.4.6.3 1 .8 1.2 1.3.4.9.4 2.4-.8 3.6-1.1 1.1-2.3 1.5-4.3 1.5-2.1 0-3.8-.7-4.8-2S5.7 14.3 5.7 12c0-2.3.5-4.1 1.5-5.4 1.1-1.3 2.7-2 4.8-2 2.2 0 3.8.7 4.9 2 .5.7.9 1.5 1.2 2.5l1.5-.4c-.3-1.2-.8-2.2-1.5-3.1-1.3-1.7-3.3-2.6-6-2.6-2.6 0-4.7.9-6 2.6C4.9 7.2 4.3 9.3 4.3 12s.6 4.8 1.9 6.4c1.4 1.7 3.4 2.6 6 2.6 2.3 0 4-.6 5.3-2 1.8-1.8 1.7-4 1.1-5.4-.4-.9-1.2-1.7-2.3-2.3zm-4 3.8c-1 .1-2-.4-2-1.3 0-.7.5-1.5 2.1-1.6h.5c.6 0 1.1.1 1.6.2-.2 2.3-1.3 2.7-2.2 2.7z\"\/><\/svg><span class=\"wp-block-social-link-label screen-reader-text\">Trapos<\/span><\/a><\/li>\n\n<li class=\"wp-social-link wp-social-link-bluesky  wp-block-social-link\"><a rel=\"noopener nofollow\" target=\"_blank\" href=\"https:\/\/bsky.app\/profile\/valenciablue.bsky.social\" class=\"wp-block-social-link-anchor\"><svg width=\"24\" height=\"24\" viewbox=\"0 0 24 24\" version=\"1.1\" xmlns=\"http:\/\/www.w3.org\/2000\/svg\" aria-hidden=\"true\" focusable=\"false\"><path d=\"M6.3,4.2c2.3,1.7,4.8,5.3,5.7,7.2.9-1.9,3.4-5.4,5.7-7.2,1.7-1.3,4.3-2.2,4.3.9s-.4,5.2-.6,5.9c-.7,2.6-3.3,3.2-5.6,2.8,4,.7,5.1,3,2.9,5.3-5,5.2-6.7-2.8-6.7-2.8,0,0-1.7,8-6.7,2.8-2.2-2.3-1.2-4.6,2.9-5.3-2.3.4-4.9-.3-5.6-2.8-.2-.7-.6-5.3-.6-5.9,0-3.1,2.7-2.1,4.3-.9h0Z\"><\/path><\/svg><span class=\"wp-block-social-link-label screen-reader-text\">Cielo azul<\/span><\/a><\/li>\n\n<li class=\"wp-social-link wp-social-link-whatsapp  wp-block-social-link\"><a rel=\"noopener nofollow\" target=\"_blank\" href=\"https:\/\/whatsapp.com\/channel\/0029VaomoLSEKyZOt3ZZin1Y\" class=\"wp-block-social-link-anchor\"><svg width=\"24\" height=\"24\" viewbox=\"0 0 24 24\" version=\"1.1\" xmlns=\"http:\/\/www.w3.org\/2000\/svg\" aria-hidden=\"true\" focusable=\"false\"><path d=\"M 12.011719 2 C 6.5057187 2 2.0234844 6.478375 2.0214844 11.984375 C 2.0204844 13.744375 2.4814687 15.462563 3.3554688 16.976562 L 2 22 L 7.2324219 20.763672 C 8.6914219 21.559672 10.333859 21.977516 12.005859 21.978516 L 12.009766 21.978516 C 17.514766 21.978516 21.995047 17.499141 21.998047 11.994141 C 22.000047 9.3251406 20.962172 6.8157344 19.076172 4.9277344 C 17.190172 3.0407344 14.683719 2.001 12.011719 2 z M 12.009766 4 C 14.145766 4.001 16.153109 4.8337969 17.662109 6.3417969 C 19.171109 7.8517969 20.000047 9.8581875 19.998047 11.992188 C 19.996047 16.396187 16.413812 19.978516 12.007812 19.978516 C 10.674812 19.977516 9.3544062 19.642812 8.1914062 19.007812 L 7.5175781 18.640625 L 6.7734375 18.816406 L 4.8046875 19.28125 L 5.2851562 17.496094 L 5.5019531 16.695312 L 5.0878906 15.976562 C 4.3898906 14.768562 4.0204844 13.387375 4.0214844 11.984375 C 4.0234844 7.582375 7.6067656 4 12.009766 4 z M 8.4765625 7.375 C 8.3095625 7.375 8.0395469 7.4375 7.8105469 7.6875 C 7.5815469 7.9365 6.9355469 8.5395781 6.9355469 9.7675781 C 6.9355469 10.995578 7.8300781 12.182609 7.9550781 12.349609 C 8.0790781 12.515609 9.68175 15.115234 12.21875 16.115234 C 14.32675 16.946234 14.754891 16.782234 15.212891 16.740234 C 15.670891 16.699234 16.690438 16.137687 16.898438 15.554688 C 17.106437 14.971687 17.106922 14.470187 17.044922 14.367188 C 16.982922 14.263188 16.816406 14.201172 16.566406 14.076172 C 16.317406 13.951172 15.090328 13.348625 14.861328 13.265625 C 14.632328 13.182625 14.464828 13.140625 14.298828 13.390625 C 14.132828 13.640625 13.655766 14.201187 13.509766 14.367188 C 13.363766 14.534188 13.21875 14.556641 12.96875 14.431641 C 12.71875 14.305641 11.914938 14.041406 10.960938 13.191406 C 10.218937 12.530406 9.7182656 11.714844 9.5722656 11.464844 C 9.4272656 11.215844 9.5585938 11.079078 9.6835938 10.955078 C 9.7955938 10.843078 9.9316406 10.663578 10.056641 10.517578 C 10.180641 10.371578 10.223641 10.267562 10.306641 10.101562 C 10.389641 9.9355625 10.347156 9.7890625 10.285156 9.6640625 C 10.223156 9.5390625 9.737625 8.3065 9.515625 7.8125 C 9.328625 7.3975 9.131125 7.3878594 8.953125 7.3808594 C 8.808125 7.3748594 8.6425625 7.375 8.4765625 7.375 z\"><\/path><\/svg><span class=\"wp-block-social-link-label screen-reader-text\">WhatsApp<\/span><\/a><\/li><\/ul>\n<\/div>\n\n\n\n<div class=\"wp-block-group alignfull is-layout-flow wp-container-core-group-is-layout-b0880c5c wp-block-group-is-layout-flow\">\n<div class=\"wp-block-group alignwide is-layout-constrained wp-container-core-group-is-layout-60a76c75 wp-block-group-is-layout-constrained\" style=\"padding-bottom:40px\">\n<div class=\"wp-block-columns are-vertically-aligned-center is-layout-flex wp-container-core-columns-is-layout-28f84493 wp-block-columns-is-layout-flex\">\n<div class=\"wp-block-column is-vertically-aligned-center is-layout-flow wp-block-column-is-layout-flow\" style=\"flex-basis:60px\">\n<hr class=\"wp-block-separator has-text-color has-alpha-channel-opacity has-background is-style-wide\" style=\"background-color:#e7e7e7;color:#e7e7e7\"\/>\n<\/div>\n\n\n\n<div class=\"wp-block-column is-vertically-aligned-center is-layout-flow wp-block-column-is-layout-flow\" style=\"padding-right:10px;padding-left:10px\">\n<h2 class=\"wp-block-heading has-text-align-center has-custom-superdark-color has-text-color\" style=\"font-size:20px;font-style:normal;font-weight:300;letter-spacing:6px;text-transform:uppercase\">una mirada alrededor<\/h2>\n<\/div>\n\n\n\n<div class=\"wp-block-column is-vertically-aligned-center is-layout-flow wp-block-column-is-layout-flow\" style=\"flex-basis:60px\">\n<hr class=\"wp-block-separator has-text-color has-alpha-channel-opacity has-background is-style-wide\" style=\"background-color:#e7e7e7;color:#e7e7e7\"\/>\n<\/div>\n<\/div>\n<\/div>\n\n\n\n<div class=\"wp-block-group alignfull is-layout-constrained wp-container-core-group-is-layout-0134bfab wp-block-group-is-layout-constrained\" style=\"margin-top:0px;margin-bottom:0px\">\n<div class=\"wp-block-columns is-layout-flex wp-container-core-columns-is-layout-28f84493 wp-block-columns-is-layout-flex\">\n<div class=\"wp-block-column is-layout-flow wp-block-column-is-layout-flow\">\n<figure class=\"wp-block-gallery aligncenter has-nested-images columns-1 wp-block-gallery-2 is-layout-flex wp-block-gallery-is-layout-flex\">\n<figure class=\"wp-block-image size-large\"><img data-opt-id=1189198397  fetchpriority=\"high\" decoding=\"async\" width=\"816\" height=\"577\" data-id=\"172\" src=\"https:\/\/mlr04w2evrow.i.optimole.com\/cb:O59K.20376\/w:auto\/h:auto\/q:mauto\/f:best\/id:d97bb55f35891341f56606d7c5ec636e\/https:\/\/www.valenciablue.com\/upper-left-pic-cyclists.jpg\" alt=\"\" class=\"wp-image-172\"\/><\/figure>\n\n\n\n<figure class=\"wp-block-image size-large\"><img data-opt-id=401757867  fetchpriority=\"high\" decoding=\"async\" width=\"816\" height=\"962\" data-id=\"174\" src=\"https:\/\/mlr04w2evrow.i.optimole.com\/cb:O59K.20376\/w:auto\/h:auto\/q:mauto\/f:best\/id:277279bdcd2221b0a9437fc570939a3f\/https:\/\/www.valenciablue.com\/lower-left-arch.jpg\" alt=\"\" class=\"wp-image-174\"\/><\/figure>\n<\/figure>\n<\/div>\n\n\n\n<div class=\"wp-block-column is-layout-flow wp-block-column-is-layout-flow\">\n<figure class=\"wp-block-gallery aligncenter has-nested-images columns-1 wp-block-gallery-3 is-layout-flex wp-block-gallery-is-layout-flex\">\n<figure class=\"wp-block-image size-large\"><img data-opt-id=863026840  fetchpriority=\"high\" decoding=\"async\" width=\"814\" height=\"916\" data-id=\"170\" src=\"https:\/\/mlr04w2evrow.i.optimole.com\/cb:O59K.20376\/w:auto\/h:auto\/q:mauto\/f:best\/id:b1bee488d7db81e66564ae577dcf36b1\/https:\/\/www.valenciablue.com\/upper-center-oferenda.jpg\" alt=\"\" class=\"wp-image-170\"\/><\/figure>\n\n\n\n<figure class=\"wp-block-image size-large\"><img data-opt-id=410070086  data-opt-src=\"https:\/\/mlr04w2evrow.i.optimole.com\/cb:O59K.20376\/w:auto\/h:auto\/q:mauto\/f:best\/id:c2c69716f63214ff510b17fe17332225\/https:\/\/www.valenciablue.com\/lower-center-globe.jpg\"  decoding=\"async\" width=\"816\" height=\"622\" data-id=\"168\" src=\"data:image/svg+xml,%3Csvg%20viewBox%3D%220%200%20100%%20100%%22%20width%3D%22100%%22%20height%3D%22100%%22%20xmlns%3D%22http%3A%2F%2Fwww.w3.org%2F2000%2Fsvg%22%3E%3Crect%20width%3D%22100%%22%20height%3D%22100%%22%20fill%3D%22transparent%22%2F%3E%3C%2Fsvg%3E\" alt=\"\" class=\"wp-image-168\"\/><\/figure>\n<\/figure>\n<\/div>\n\n\n\n<div class=\"wp-block-column is-layout-flow wp-block-column-is-layout-flow\">\n<figure class=\"wp-block-gallery aligncenter has-nested-images columns-1 wp-block-gallery-4 is-layout-flex wp-block-gallery-is-layout-flex\">\n<figure class=\"wp-block-image size-large\"><img data-opt-id=959330155  data-opt-src=\"https:\/\/mlr04w2evrow.i.optimole.com\/cb:O59K.20376\/w:auto\/h:auto\/q:mauto\/f:best\/id:da72693eb4a47b6fc65131c124724bd9\/https:\/\/www.valenciablue.com\/upper-right-pic-olocau.jpg\"  decoding=\"async\" width=\"817\" height=\"468\" data-id=\"166\" src=\"data:image/svg+xml,%3Csvg%20viewBox%3D%220%200%20100%%20100%%22%20width%3D%22100%%22%20height%3D%22100%%22%20xmlns%3D%22http%3A%2F%2Fwww.w3.org%2F2000%2Fsvg%22%3E%3Crect%20width%3D%22100%%22%20height%3D%22100%%22%20fill%3D%22transparent%22%2F%3E%3C%2Fsvg%3E\" alt=\"\" class=\"wp-image-166\"\/><\/figure>\n\n\n\n<figure class=\"wp-block-image size-large\"><img data-opt-id=484636895  data-opt-src=\"https:\/\/mlr04w2evrow.i.optimole.com\/cb:O59K.20376\/w:auto\/h:auto\/q:mauto\/f:best\/id:4e81a3d938a9d3041f4538872de81f13\/https:\/\/www.valenciablue.com\/lower-right-fira.jpg\"  decoding=\"async\" width=\"781\" height=\"1024\" data-id=\"176\" src=\"data:image/svg+xml,%3Csvg%20viewBox%3D%220%200%20100%%20100%%22%20width%3D%22100%%22%20height%3D%22100%%22%20xmlns%3D%22http%3A%2F%2Fwww.w3.org%2F2000%2Fsvg%22%3E%3Crect%20width%3D%22100%%22%20height%3D%22100%%22%20fill%3D%22transparent%22%2F%3E%3C%2Fsvg%3E\" alt=\"\" class=\"wp-image-176\"\/><\/figure>\n<\/figure>\n<\/div>\n<\/div>\n<\/div>\n<\/div>\n\n\n\n<div class=\"wp-block-group alignfull is-layout-constrained wp-container-core-group-is-layout-50767502 wp-block-group-is-layout-constrained\" style=\"padding-top:100px;padding-bottom:120px\">\n<h4 class=\"wp-block-heading has-text-align-center\" style=\"font-size:36px;font-style:normal;font-weight:200;letter-spacing:-1px;line-height:1.4\">Llegu\u00e9 a Valencia en 2021 con mi familia. Reci\u00e9n jubilada, quer\u00eda seguir activa y aprendiendo.<\/h4>\n<\/div>\n\n\n\n<div class=\"wp-block-group alignfull is-layout-constrained wp-container-core-group-is-layout-6ab4ccda wp-block-group-is-layout-constrained\" style=\"margin-top:0px;margin-bottom:0px;padding-top:0px;padding-bottom:120px\">\n<div class=\"wp-block-columns are-vertically-aligned-center is-layout-flex wp-container-core-columns-is-layout-28f84493 wp-block-columns-is-layout-flex\">\n<div class=\"wp-block-column is-vertically-aligned-center is-layout-flow wp-block-column-is-layout-flow\">\n<div class=\"wp-block-group is-layout-constrained wp-container-core-group-is-layout-3ee1a10d wp-block-group-is-layout-constrained\">\n<div class=\"wp-block-group is-layout-flow wp-container-core-group-is-layout-b1fe7e41 wp-block-group-is-layout-flow\">\n<p class=\"has-custom-superdark-color has-text-color\" style=\"font-style:normal;font-weight:600\">\u2192 Poco a poco<\/p>\n\n\n\n<p class=\"has-white-color has-text-color\" style=\"font-size:15px\">Es un proceso incremental.<\/p>\n<\/div>\n\n\n\n<div class=\"wp-block-group is-layout-flow wp-container-core-group-is-layout-b1fe7e41 wp-block-group-is-layout-flow\">\n<p class=\"has-custom-superdark-color has-text-color\" style=\"font-style:normal;font-weight:600\">\u2192 La vida en la bicicleta<\/p>\n\n\n\n<p class=\"has-white-color has-text-color\" style=\"font-size:15px\">Siempre hay algo nuevo.<\/p>\n<\/div>\n\n\n\n<div class=\"wp-block-group is-layout-flow wp-container-core-group-is-layout-b1fe7e41 wp-block-group-is-layout-flow\">\n<p class=\"has-custom-superdark-color has-text-color\" style=\"font-style:normal;font-weight:600\">\u2192 Tener tiempo para mirar a su alrededor<\/p>\n\n\n\n<p class=\"has-white-color has-text-color\" style=\"font-size:15px\">Una imagen vale mas que mil palabras.<\/p>\n<\/div>\n<\/div>\n<\/div>\n\n\n\n<div class=\"wp-block-column is-vertically-aligned-center is-layout-flow wp-block-column-is-layout-flow\" style=\"flex-basis:65%\">\n<div class=\"wp-block-cover is-light has-custom-content-position is-position-bottom-left\" style=\"padding-top:0px;padding-right:0px;padding-bottom:0px;padding-left:0px;min-height:550px;aspect-ratio:unset;\"><img data-opt-id=34584948  data-opt-src=\"https:\/\/mlr04w2evrow.i.optimole.com\/cb:O59K.20376\/w:auto\/h:auto\/q:mauto\/f:best\/id:fdf79d1acce401c040684db91d034ddb\/https:\/\/www.valenciablue.com\/experience-picture-cyclist.jpeg\"  decoding=\"async\" width=\"1200\" height=\"810\" class=\"wp-block-cover__image-background wp-image-173\" alt=\"\" src=\"data:image/svg+xml,%3Csvg%20viewBox%3D%220%200%20100%%20100%%22%20width%3D%22100%%22%20height%3D%22100%%22%20xmlns%3D%22http%3A%2F%2Fwww.w3.org%2F2000%2Fsvg%22%3E%3Crect%20width%3D%22100%%22%20height%3D%22100%%22%20fill%3D%22transparent%22%2F%3E%3C%2Fsvg%3E\" data-object-fit=\"cover\"\/><span aria-hidden=\"true\" class=\"wp-block-cover__background has-background-dim-0 has-background-dim\"><\/span><div class=\"wp-block-cover__inner-container is-layout-flow wp-block-cover-is-layout-flow\">\n<div class=\"wp-block-group has-background-background-color has-background is-layout-constrained wp-container-core-group-is-layout-5c5fc3c9 wp-block-group-is-layout-constrained\" style=\"padding-top:40px;padding-right:40px;padding-bottom:40px;padding-left:40px\">\n<div class=\"wp-block-columns is-layout-flex wp-container-core-columns-is-layout-28f84493 wp-block-columns-is-layout-flex\">\n<div class=\"wp-block-column is-layout-flow wp-block-column-is-layout-flow\">\n<h2 class=\"wp-block-heading has-pale-cyan-blue-color has-text-color has-link-color wp-elements-ba0ec533d3f1c7586f1b0c8d4860f126\" style=\"font-size:36px;font-style:normal;font-weight:500;line-height:1.4\">\u00bfJubilado o retired?<\/h2>\n<\/div>\n\n\n\n<div class=\"wp-block-column is-layout-flow wp-block-column-is-layout-flow\">\n<p class=\"has-foreground-color has-text-color\" style=\"font-size:15px;line-height:1.6\">Diariamente es una experiencia inmersiva. Aprender un nuevo idioma, cultura y estilo de vida a veces es dif\u00edcil. Pero el desaf\u00edo es lo que hace que uno siga creciendo.<\/p>\n<\/div>\n<\/div>\n<\/div>\n<\/div><\/div>\n<\/div>\n<\/div>\n<\/div>","protected":false},"excerpt":{"rendered":"<p>Life in and Around the Community With nearly 300 days of sunshine a year, the residents of the Comunidad Valenciana have ample opportunity to see blue skies. Val\u00e8ncia or Valencia? It depends on who is writing it. A look around I arrived in Valencia in 2021 with my family. Newly retired, I wanted to keep [&hellip;]<\/p>\n","protected":false},"author":2,"featured_media":0,"parent":0,"menu_order":0,"comment_status":"closed","ping_status":"closed","template":"","meta":{"advanced_seo_description":"","jetpack_seo_html_title":"","jetpack_seo_noindex":false,"jetpack_post_was_ever_published":false,"footnotes":""},"class_list":["post-10","page","type-page","status-publish","hentry"],"jetpack-related-posts":[{"id":183,"url":"https:\/\/www.valenciablue.com\/es\/news-feeds\/","url_meta":{"origin":10,"position":0},"title":"Canales de noticias en ingl\u00e9s de Espa\u00f1a","author":"Admin","date":"04\/01\/2024","format":false,"excerpt":"Noticias en ingl\u00e9s desde Espa\u00f1a. Todo el contenido es propiedad de sus respectivos editores.","rel":"","context":"Entrada similar","block_context":{"text":"Entrada similar","link":""},"img":{"alt_text":"","src":"https:\/\/mlr04w2evrow.i.optimole.com\/cb:O59K.20376\/w:auto\/h:auto\/q:mauto\/f:best\/https:\/\/i0.wp.com\/mlr04w2evrow.i.optimole.com\/w%3A1280\/h%3A200\/q%3Amauto\/process%3A190\/id%3Aa62a0356095601a56dadbae7b1bd586c\/https%3A\/\/www.valenciablue.com\/rss-banner-1280x200p.png?resize=350%2C200&ssl=1","width":350,"height":200,"srcset":"https:\/\/mlr04w2evrow.i.optimole.com\/cb:O59K.20376\/w:auto\/h:auto\/q:mauto\/f:best\/https:\/\/i0.wp.com\/mlr04w2evrow.i.optimole.com\/w%3A1280\/h%3A200\/q%3Amauto\/process%3A190\/id%3Aa62a0356095601a56dadbae7b1bd586c\/https%3A\/\/www.valenciablue.com\/rss-banner-1280x200p.png?resize=350%2C200&ssl=1 1x, https:\/\/mlr04w2evrow.i.optimole.com\/cb:O59K.20376\/w:auto\/h:auto\/q:mauto\/f:best\/https:\/\/i0.wp.com\/mlr04w2evrow.i.optimole.com\/w%3A1280\/h%3A200\/q%3Amauto\/process%3A190\/id%3Aa62a0356095601a56dadbae7b1bd586c\/https%3A\/\/www.valenciablue.com\/rss-banner-1280x200p.png?resize=525%2C300&ssl=1 1.5x, https:\/\/mlr04w2evrow.i.optimole.com\/cb:O59K.20376\/w:auto\/h:auto\/q:mauto\/f:best\/https:\/\/i0.wp.com\/mlr04w2evrow.i.optimole.com\/w%3A1280\/h%3A200\/q%3Amauto\/process%3A190\/id%3Aa62a0356095601a56dadbae7b1bd586c\/https%3A\/\/www.valenciablue.com\/rss-banner-1280x200p.png?resize=700%2C400&ssl=1 2x, https:\/\/mlr04w2evrow.i.optimole.com\/cb:O59K.20376\/w:auto\/h:auto\/q:mauto\/f:best\/https:\/\/i0.wp.com\/mlr04w2evrow.i.optimole.com\/w%3A1280\/h%3A200\/q%3Amauto\/process%3A190\/id%3Aa62a0356095601a56dadbae7b1bd586c\/https%3A\/\/www.valenciablue.com\/rss-banner-1280x200p.png?resize=1050%2C600&ssl=1 3x"},"classes":[]}],"jetpack_shortlink":"https:\/\/wp.me\/PftBvt-a","jetpack_sharing_enabled":true,"jetpack_likes_enabled":true,"_links":{"self":[{"href":"https:\/\/www.valenciablue.com\/es\/wp-json\/wp\/v2\/pages\/10","targetHints":{"allow":["GET"]}}],"collection":[{"href":"https:\/\/www.valenciablue.com\/es\/wp-json\/wp\/v2\/pages"}],"about":[{"href":"https:\/\/www.valenciablue.com\/es\/wp-json\/wp\/v2\/types\/page"}],"author":[{"embeddable":true,"href":"https:\/\/www.valenciablue.com\/es\/wp-json\/wp\/v2\/users\/2"}],"replies":[{"embeddable":true,"href":"https:\/\/www.valenciablue.com\/es\/wp-json\/wp\/v2\/comments?post=10"}],"version-history":[{"count":38,"href":"https:\/\/www.valenciablue.com\/es\/wp-json\/wp\/v2\/pages\/10\/revisions"}],"predecessor-version":[{"id":1313,"href":"https:\/\/www.valenciablue.com\/es\/wp-json\/wp\/v2\/pages\/10\/revisions\/1313"}],"wp:attachment":[{"href":"https:\/\/www.valenciablue.com\/es\/wp-json\/wp\/v2\/media?parent=10"}],"curies":[{"name":"gracias","href":"https:\/\/api.w.org\/{rel}","templated":true}]}}